{"id":392,"date":"2024-03-05T14:53:17","date_gmt":"2024-03-05T14:53:17","guid":{"rendered":"https:\/\/automazione.mx\/?page_id=392"},"modified":"2024-04-04T16:36:38","modified_gmt":"2024-04-04T16:36:38","slug":"aviso-de-privacidad","status":"publish","type":"page","link":"https:\/\/automazione.mx\/es\/aviso-de-privacidad\/","title":{"rendered":"Aviso de privacidad"},"content":{"rendered":"\n<h2 class=\"wp-block-heading\"><\/h2>\n\n\n\n<section class=\"wp-block-agctexdomain-wrapper-agcblocks alignwide paddingTopBottom0 paddingTopBottomTablet0 paddingTopBottomMobile0 paddingLeftRight0 paddingLeftRightTablet0 paddingLeftRightMobile0 backgroundNoRepeat backgroundCover alturaDefault\"><div class=\"container\"><div class=\"wrapper-inner-blocks\">\n<div class=\"wp-block-columns is-layout-flex wp-container-core-columns-is-layout-9d6595d7 wp-block-columns-is-layout-flex\">\n<div class=\"wp-block-column is-layout-flow wp-block-column-is-layout-flow\">\n<p><strong>AVISO DE PRIVACIDAD<\/strong><\/p>\n\n\n\n<p>Este documento describe la forma en que recabamos y usamos los datos personales que usted nos brinda. Tambi\u00e9n describe que tipo de datos son y que opciones tiene para limitar el uso de dichos datos, as\u00ed como el procedimiento para ejercer sus derechos ARCO.<\/p>\n\n\n\n<p><strong>1) Responsable de la protecci\u00f3n de sus datos personales<\/strong><\/p>\n\n\n\n<p>AUTOMAZIONE con domicilio en Antiguo Camino al Milagro No. 117. Colonia El Milagro C.P. 6634. Apodaca,N.L. M\u00e9xico. TEL 81 8321 3936 es responsable del tratamiento (uso) de sus datos personales.<\/p>\n\n\n\n<p><strong>2) Nuestro Departamento de Protecci\u00f3n de Datos<\/strong><\/p>\n\n\n\n<p>\u25cf Jefe del Departamento<\/p>\n\n\n\n<p>Antiguo Camino al Milagro No. 117. Colonia El Milagro C.P. 6634. Apodaca,N.L. M\u00e9xico. Tel 81 8321 3936<\/p>\n\n\n\n<p>\u25cf Correo electr\u00f3nico: info @ autom zione mx<\/p>\n\n\n\n<p><strong>3) \u00bfPara qu\u00e9 fines recabamos y utilizamos sus datos personales?<\/strong><\/p>\n\n\n\n<p>Sus datos personales ser\u00e1n utilizados para las siguientes finalidades:<\/p>\n\n\n\n<p>Proveer los servicios de asesor\u00eda y consultor\u00eda profesional solicitados.<\/p>\n\n\n\n<p>Responder a sus requerimientos de informaci\u00f3n, atenci\u00f3n y servicio.<\/p>\n\n\n\n<p>La creaci\u00f3n, estudio, an\u00e1lisis, actualizaci\u00f3n, y conservaci\u00f3n del expediente del servicio.<\/p>\n\n\n\n<p>Archivo de registros y expediente para seguimiento de servicios futuros.<\/p>\n\n\n\n<p>Gesti\u00f3n financiera, facturaci\u00f3n y cobro.<\/p>\n\n\n\n<p>Dar cumplimiento a las obligaciones y compromisos que hemos contra\u00eddo con usted.<\/p>\n\n\n\n<p>Adicionalmente, sus datos personales podr\u00e1n ser utilizados para:<\/p>\n\n\n\n<p>Promoci\u00f3n y mercadeo de productos y servicios.<\/p>\n\n\n\n<p>Ofrecerle nuevos productos y servicios a la medida de sus intereses y necesidades.<\/p>\n\n\n\n<p>Notificarle sobre nuevos servicios o productos que tengan relaci\u00f3n con los ya contratados o adquiridos.<\/p>\n\n\n\n<p>Boletines y comunicados sobre nuestra organizaci\u00f3n.<\/p>\n\n\n\n<p><strong>4) \u00bfQu\u00e9 datos personales obtenemos y de d\u00f3nde?<\/strong><\/p>\n\n\n\n<p>Para las finalidades se\u00f1aladas anteriormente podemos recabar sus datos personales de distintas formas:<\/p>\n\n\n\n<p>- Cuando visita nuestro sitio de Internet o utiliza nuestros servicios en l\u00ednea.<\/p>\n\n\n\n<p>- Por tel\u00e9fono.<\/p>\n\n\n\n<p>- Cuando usted nos los proporciona personalmente.<\/p>\n\n\n\n<p>- Cuando obtenemos informaci\u00f3n a trav\u00e9s de otras fuentes de acceso p\u00fablico que est\u00e1n permitidas por la ley (Directorios telef\u00f3nicos o laborales, sitios web, etc).<\/p>\n\n\n\n<p>Datos personales que recabamos:<\/p>\n\n\n\n<p>\u25cf Informaci\u00f3n de contacto (Nombre, Email, Direcci\u00f3n, Tel\u00e9fono, Celular,) Documentaci\u00f3n de identidad (Credencial de Elector, Pasaporte, Licencia de Manejo, o C\u00e9dula Profesional) Informaci\u00f3n financiera y medios de pago (Tarjeta de cr\u00e9dito, d\u00e9bito, cheques) Informaci\u00f3n Fiscal (RFC, Direcci\u00f3n de Facturaci\u00f3n).<\/p>\n\n\n\n<p>Requerimos su consentimiento (aceptaci\u00f3n) expreso para el tratamiento de sus datos personales sensibles, y nos comprometemos a que los mismos ser\u00e1n tratados bajo las m\u00e1s estrictas medidas de seguridad que garanticen su confidencialidad.<\/p>\n\n\n\n<p>Consiento y estoy de acuerdo en que mis datos personales sensibles sean tratados de acuerdo a los t\u00e9rminos y condiciones del presente aviso de privacidad.<\/p>\n\n\n\n<p><strong>Nombre y firma del titular<\/strong><\/p>\n\n\n\n<p><strong>5) \u00bfC\u00f3mo Acceder, Rectificar, Cancelar u Oponerse al uso y tratamiento de sus datos personales (Derechos ARCO) o revocar su consentimiento para el tratamiento sus datos?<\/strong><\/p>\n\n\n\n<p>Usted tiene derecho constitucional de Acceder y conocer los datos personales que poseemos y a los detalles del tratamiento y uso de los mismos, as\u00ed como a Rectificarlos y corregirlos en caso de ser inexactos o incompletos; Cancelarlos y eliminarlos cuando considere que no se requieren para alguna de las finalidades se\u00f1alados en el presente aviso de privacidad, o que est\u00e9n siendo utilizados para finalidades no autorizadas por usted o haya finalizado la relaci\u00f3n contractual o de servicio, o bien, Oponerse al tratamiento de los mismos para fines espec\u00edficos.<\/p>\n\n\n\n<p>Los mecanismos implementados para el ejercicio de sus Derechos ARCO, as\u00ed como los plazos, informaci\u00f3n y documentaci\u00f3n que debe contener su solicitud deben solicitarse al correo: info @ autom zione mx<\/p>\n\n\n\n<p>\u00bfC\u00f3mo puede limitar el uso divulgaci\u00f3n de sus datos personales?<\/p>\n\n\n\n<p>Si usted desea dejar de recibir mensajes de nuestra parte que no sean indispensables para brindarle los servicios se\u00f1alados, env\u00ede su solicitud a nuestro Departamento de Protecci\u00f3n de Datos Personales en donde le informaremos de los mecanismos implementados para ello.<\/p>\n\n\n\n<p>\u00bfC\u00f3mo revocar el consentimiento para el tratamiento de sus datos personales?<\/p>\n\n\n\n<p>Si usted desea revocar el consentimiento que nos otorg\u00f3 para el uso de sus datos personales, env\u00ede su solicitud a nuestro Departamento de Protecci\u00f3n de Datos Personales en donde le informaremos de los mecanismos implementados para ello.<\/p>\n\n\n\n<p><strong>6)Transferencia de datos personales<\/strong><\/p>\n\n\n\n<p>Sus datos personales no ser\u00e1n Transferidos a terceras personas o empresas. Para cumplir con las finalidades establecidas en este Aviso de Privacidad, podr\u00e1n ser \u00fanicamente Remitidos a personas o empresas que tengan el car\u00e1cter de Encargados.<\/p>\n\n\n\n<p><strong>7) Modificaciones al aviso de privacidad<\/strong><\/p>\n\n\n\n<p>Nos reservamos el derecho de efectuar en cualquier momento modificaciones o actualizaciones al presente Aviso de Privacidad, para la atenci\u00f3n de novedades legislativas, pol\u00edticas internas o nuevos requerimientos para la prestaci\u00f3n u ofrecimiento de nuestros servicios o productos. Estas modificaciones le ser\u00e1n informadas por las mismas v\u00edas utilizadas para recabar sus datos personales.<\/p>\n\n\n\n<p>Uso de cookies, web beacons y JavaScript<\/p>\n\n\n\n<p>Las cookies son una peque\u00f1a pieza de informaci\u00f3n enviada autom\u00e1ticamente por nuestro sitio web, las cuales son almacenadas en su navegador. De esta manera el sitio web puede consultar dicha informaci\u00f3n para conocer la actividad previa del usuario y agilizar algunos procedimientos como mantener la sesi\u00f3n o identificar que secciones del sitio ya visit\u00f3.<\/p>\n\n\n\n<p>Las web beacons en conjunto con los JavaScripts de m\u00e9tricas web permiten almacenar informaci\u00f3n sobre los patrones de uso de nuestro sitio web. Le informamos que utilizamos esas herramientas para obtener informaci\u00f3n estad\u00edstica como la siguiente:<\/p>\n\n\n\n<p>\u25cf Tipo de navegador y sistema operativo, las p\u00e1ginas de Internet consultadas, origen de la visita, la direcci\u00f3n IP de acceso, tiempo de permanencia en nuestro sitio, entre otros datos estad\u00edsticos.<\/p>\n\n\n\n<p>Las cookies, el JavaScript y otras tecnolog\u00edas de seguimiento y rastreo pueden ser deshabilitadas, sin embargo, desactivarlas puede generar que el sitio web o algunas de sus funcionalidades no se desempe\u00f1en adecuadamente.<\/p>\n\n\n\n<p><strong>8) \u00bfAnte qui\u00e9n puede presentar sus quejas y denuncias por el tratamiento indebido de sus datos personales?<\/strong><\/p>\n\n\n\n<p>Si despu\u00e9s de haber ejercido sus Derechos ARCO ante AUTOMAZIONE por medio de los mecanismos establecidos en este Aviso de Privacidad, usted considera que la respuesta ha sido insatisfactoria o incompleta; o presume que su derecho de protecci\u00f3n de datos personales ha sido lesionado por alguna conducta o acci\u00f3n de nuestra parte; o cuenta con evidencia de que en el tratamiento de sus datos personales existe alguna violaci\u00f3n a las disposiciones previstas en la Ley Federal de Protecci\u00f3n de Datos Personales en Posesi\u00f3n de los Particulares, podr\u00e1 interponer la queja o denuncia correspondiente ante el INAI. Para mayor informaci\u00f3n visite: <a href=\"http:\/\/www.inai.org.mx\/\">www.inai.org.mx<\/a><\/p>\n\n\n\n<p>Ultima modificaci\u00f3n: 1 deAbril 2024<\/p>\n<\/div>\n<\/div>\n<\/div><\/div> <div class=\"bg-forma\"><\/div><\/section>\n","protected":false},"excerpt":{"rendered":"","protected":false},"author":2,"featured_media":0,"parent":0,"menu_order":0,"comment_status":"closed","ping_status":"open","template":"","meta":{"_acf_changed":false,"footnotes":""},"class_list":["post-392","page","type-page","status-publish","hentry"],"acf":[],"yoast_head":"<!-- This site is optimized with the Yoast SEO plugin v27.3 - https:\/\/yoast.com\/product\/yoast-seo-wordpress\/ -->\n<title>Automazione Mexico, Empresa de Automatizacion Industrial Monterrey<\/title>\n<meta name=\"description\" content=\"Automazione Mexico, Empresa de Automatizacion Industrial Monterrey, Procesos de automatizacion, Automatizaci\u00f3n de procesos de manufactura, Automatizaci\u00f3n de procesos industriales\" \/>\n<meta name=\"robots\" content=\"index, follow, max-snippet:-1, max-image-preview:large, max-video-preview:-1\" \/>\n<link rel=\"canonical\" href=\"https:\/\/automazione.mx\/es\/aviso-de-privacidad\/\" \/>\n<meta property=\"og:locale\" content=\"es_ES\" \/>\n<meta property=\"og:type\" content=\"article\" \/>\n<meta property=\"og:title\" content=\"Automazione Mexico, Empresa de Automatizacion Industrial Monterrey\" \/>\n<meta property=\"og:description\" content=\"Automazione Mexico, Empresa de Automatizacion Industrial Monterrey, Procesos de automatizacion, Automatizaci\u00f3n de procesos de manufactura, Automatizaci\u00f3n de procesos industriales\" \/>\n<meta property=\"og:url\" content=\"https:\/\/automazione.mx\/es\/aviso-de-privacidad\/\" \/>\n<meta property=\"og:site_name\" content=\"Automazione\" \/>\n<meta property=\"article:modified_time\" content=\"2024-04-04T16:36:38+00:00\" \/>\n<meta name=\"twitter:card\" content=\"summary_large_image\" \/>\n<meta name=\"twitter:label1\" content=\"Tiempo de lectura\" \/>\n\t<meta name=\"twitter:data1\" content=\"5 minutos\" \/>\n<script type=\"application\/ld+json\" class=\"yoast-schema-graph\">{\"@context\":\"https:\\\/\\\/schema.org\",\"@graph\":[{\"@type\":\"WebPage\",\"@id\":\"https:\\\/\\\/automazione.mx\\\/es\\\/aviso-de-privacidad\\\/\",\"url\":\"https:\\\/\\\/automazione.mx\\\/es\\\/aviso-de-privacidad\\\/\",\"name\":\"Automazione Mexico, Empresa de Automatizacion Industrial Monterrey\",\"isPartOf\":{\"@id\":\"https:\\\/\\\/automazione.mx\\\/#website\"},\"datePublished\":\"2024-03-05T14:53:17+00:00\",\"dateModified\":\"2024-04-04T16:36:38+00:00\",\"description\":\"Automazione Mexico, Empresa de Automatizacion Industrial Monterrey, Procesos de automatizacion, Automatizaci\u00f3n de procesos de manufactura, Automatizaci\u00f3n de procesos industriales\",\"breadcrumb\":{\"@id\":\"https:\\\/\\\/automazione.mx\\\/es\\\/aviso-de-privacidad\\\/#breadcrumb\"},\"inLanguage\":\"es\",\"potentialAction\":[{\"@type\":\"ReadAction\",\"target\":[\"https:\\\/\\\/automazione.mx\\\/es\\\/aviso-de-privacidad\\\/\"]}]},{\"@type\":\"BreadcrumbList\",\"@id\":\"https:\\\/\\\/automazione.mx\\\/es\\\/aviso-de-privacidad\\\/#breadcrumb\",\"itemListElement\":[{\"@type\":\"ListItem\",\"position\":1,\"name\":\"Home\",\"item\":\"https:\\\/\\\/automazione.mx\\\/es\\\/\"},{\"@type\":\"ListItem\",\"position\":2,\"name\":\"Aviso de privacidad\"}]},{\"@type\":\"WebSite\",\"@id\":\"https:\\\/\\\/automazione.mx\\\/#website\",\"url\":\"https:\\\/\\\/automazione.mx\\\/\",\"name\":\"Automazione\",\"description\":\"Turnkey solutions in equipment automation.\",\"potentialAction\":[{\"@type\":\"SearchAction\",\"target\":{\"@type\":\"EntryPoint\",\"urlTemplate\":\"https:\\\/\\\/automazione.mx\\\/?s={search_term_string}\"},\"query-input\":{\"@type\":\"PropertyValueSpecification\",\"valueRequired\":true,\"valueName\":\"search_term_string\"}}],\"inLanguage\":\"es\"}]}<\/script>\n<!-- \/ Yoast SEO plugin. -->","yoast_head_json":{"title":"Automazione Mexico, Empresa de Automatizacion Industrial Monterrey","description":"Automazione Mexico, Empresa de Automatizacion Industrial Monterrey, Procesos de automatizacion, Automatizaci\u00f3n de procesos de manufactura, Automatizaci\u00f3n de procesos industriales","robots":{"index":"index","follow":"follow","max-snippet":"max-snippet:-1","max-image-preview":"max-image-preview:large","max-video-preview":"max-video-preview:-1"},"canonical":"https:\/\/automazione.mx\/es\/aviso-de-privacidad\/","og_locale":"es_ES","og_type":"article","og_title":"Automazione Mexico, Empresa de Automatizacion Industrial Monterrey","og_description":"Automazione Mexico, Empresa de Automatizacion Industrial Monterrey, Procesos de automatizacion, Automatizaci\u00f3n de procesos de manufactura, Automatizaci\u00f3n de procesos industriales","og_url":"https:\/\/automazione.mx\/es\/aviso-de-privacidad\/","og_site_name":"Automazione","article_modified_time":"2024-04-04T16:36:38+00:00","twitter_card":"summary_large_image","twitter_misc":{"Tiempo de lectura":"5 minutos"},"schema":{"@context":"https:\/\/schema.org","@graph":[{"@type":"WebPage","@id":"https:\/\/automazione.mx\/es\/aviso-de-privacidad\/","url":"https:\/\/automazione.mx\/es\/aviso-de-privacidad\/","name":"Automazione Mexico, Empresa de Automatizacion Industrial Monterrey","isPartOf":{"@id":"https:\/\/automazione.mx\/#website"},"datePublished":"2024-03-05T14:53:17+00:00","dateModified":"2024-04-04T16:36:38+00:00","description":"Automazione Mexico, Empresa de Automatizacion Industrial Monterrey, Procesos de automatizacion, Automatizaci\u00f3n de procesos de manufactura, Automatizaci\u00f3n de procesos industriales","breadcrumb":{"@id":"https:\/\/automazione.mx\/es\/aviso-de-privacidad\/#breadcrumb"},"inLanguage":"es","potentialAction":[{"@type":"ReadAction","target":["https:\/\/automazione.mx\/es\/aviso-de-privacidad\/"]}]},{"@type":"BreadcrumbList","@id":"https:\/\/automazione.mx\/es\/aviso-de-privacidad\/#breadcrumb","itemListElement":[{"@type":"ListItem","position":1,"name":"Home","item":"https:\/\/automazione.mx\/es\/"},{"@type":"ListItem","position":2,"name":"Aviso de privacidad"}]},{"@type":"WebSite","@id":"https:\/\/automazione.mx\/#website","url":"https:\/\/automazione.mx\/","name":"Automazione","description":"Turnkey solutions in equipment automation.","potentialAction":[{"@type":"SearchAction","target":{"@type":"EntryPoint","urlTemplate":"https:\/\/automazione.mx\/?s={search_term_string}"},"query-input":{"@type":"PropertyValueSpecification","valueRequired":true,"valueName":"search_term_string"}}],"inLanguage":"es"}]}},"_links":{"self":[{"href":"https:\/\/automazione.mx\/es\/wp-json\/wp\/v2\/pages\/392","targetHints":{"allow":["GET"]}}],"collection":[{"href":"https:\/\/automazione.mx\/es\/wp-json\/wp\/v2\/pages"}],"about":[{"href":"https:\/\/automazione.mx\/es\/wp-json\/wp\/v2\/types\/page"}],"author":[{"embeddable":true,"href":"https:\/\/automazione.mx\/es\/wp-json\/wp\/v2\/users\/2"}],"replies":[{"embeddable":true,"href":"https:\/\/automazione.mx\/es\/wp-json\/wp\/v2\/comments?post=392"}],"version-history":[{"count":2,"href":"https:\/\/automazione.mx\/es\/wp-json\/wp\/v2\/pages\/392\/revisions"}],"predecessor-version":[{"id":461,"href":"https:\/\/automazione.mx\/es\/wp-json\/wp\/v2\/pages\/392\/revisions\/461"}],"wp:attachment":[{"href":"https:\/\/automazione.mx\/es\/wp-json\/wp\/v2\/media?parent=392"}],"curies":[{"name":"wp","href":"https:\/\/api.w.org\/{rel}","templated":true}]}}