{"id":390,"date":"2024-03-05T22:42:46","date_gmt":"2024-03-05T22:42:46","guid":{"rendered":"https:\/\/automazione.mx\/our-solutions\/"},"modified":"2024-04-11T15:16:55","modified_gmt":"2024-04-11T15:16:55","slug":"nuestrassoluciones","status":"publish","type":"page","link":"https:\/\/automazione.mx\/es\/nuestrassoluciones\/","title":{"rendered":"Nuestras soluciones"},"content":{"rendered":"\n<section style=\"background-color:#2a2e88\" class=\"wp-block-agctexdomain-wrapper-agcblocks alignwide paddingTopBottom0 paddingTopBottomTablet0 paddingTopBottomMobile0 paddingLeftRight0 paddingLeftRightTablet0 paddingLeftRightMobile0 backgroundNoRepeat backgroundCover alturaDefault\"><div class=\"container\"><div class=\"wrapper-inner-blocks\">\n<section class=\"wp-block-agctexdomain-columnas-agcblocks alignwide columnas col-2 col-2-a paddingTopBottom0 paddingTopBottomTablet0 paddingTopBottomMobile0 alturaDefault\"><div class=\"container\">\n<div class=\"wp-block-agctexdomain-columna-agcblocks Columna ag-animation css-animacionNone alineacion-vertical-top\" data-ag-animation=\"animacionNone\" style=\"text-align:left\"><div class=\"ColumnaContent paddingTopBottom0 paddingTopBottomTablet0 paddingTopBottomMobile0 paddingLeftRight20 paddingLeftRightTablet20 paddingLeftRightMobile20\"><\/div> <\/div>\n\n\n\n<div class=\"wp-block-agctexdomain-columna-agcblocks Columna ag-animation css-animacionNone alineacion-vertical-top\" data-ag-animation=\"animacionNone\" style=\"text-align:left\"><div class=\"ColumnaContent paddingTopBottom0 paddingTopBottomTablet0 paddingTopBottomMobile0 paddingLeftRight20 paddingLeftRightTablet20 paddingLeftRightMobile20\"><\/div> <\/div>\n<\/div> <div class=\"bg-forma bg-forma-display-none\"><\/div><\/section>\n\n\n\n<section style=\"background-color:#2a2e88\" class=\"wp-block-agctexdomain-wrapper-agcblocks alignfull paddingTopBottom0 paddingTopBottomTablet0 paddingTopBottomMobile0 paddingLeftRight0 paddingLeftRightTablet0 paddingLeftRightMobile0 backgroundNoRepeat backgroundCover alturaDefault\"><div class=\"container\"><div class=\"wrapper-inner-blocks\">\n<div style=\"height:128px\" aria-hidden=\"true\" class=\"wp-block-spacer\"><\/div>\n\n\n<div class=\"animate-sal-block\" data-sal=\"fade\" data-sal-duration=\"800\" data-sal-delay=\"100\">\n        \n\n<h2 class=\"wp-block-heading alignwide has-text-align-center has-text-color has-link-color wp-elements-451f466fd0fe1510c58aa29a0246bff0\" style=\"color:#ffffff\">Nuestras soluciones<\/h2>\n\n\n    <\/div>\n\n\n<div style=\"height:37px\" aria-hidden=\"true\" class=\"wp-block-spacer\"><\/div>\n\n\n\n<section class=\"wp-block-agctexdomain-columnas-agcblocks alignwide columnas col-3 col-3-a paddingTopBottom0 paddingTopBottomTablet0 paddingTopBottomMobile0 alturaDefault\"><div class=\"container\">\n<div class=\"wp-block-agctexdomain-columna-agcblocks Columna ag-animation css-animacionNone alineacion-vertical-top\" data-ag-animation=\"animacionNone\" style=\"text-align:left\"><div class=\"ColumnaContent paddingTopBottom0 paddingTopBottomTablet0 paddingTopBottomMobile0 paddingLeftRight20 paddingLeftRightTablet20 paddingLeftRightMobile20\"><div class=\"animate-sal-block\" data-sal=\"slide-right\" data-sal-duration=\"800\" data-sal-delay=\"100\">\n        \n<div class=\"wp-block-image\">\n<figure class=\"aligncenter size-full is-resized\"><img loading=\"lazy\" decoding=\"async\" width=\"1000\" height=\"1000\" src=\"https:\/\/automazione.mx\/wp-content\/uploads\/2024\/04\/cuadrado.png\" alt=\"\" class=\"wp-image-448\" style=\"width:209px;height:auto\" srcset=\"https:\/\/automazione.mx\/wp-content\/uploads\/2024\/04\/cuadrado.png 1000w, https:\/\/automazione.mx\/wp-content\/uploads\/2024\/04\/cuadrado-600x600.png 600w, https:\/\/automazione.mx\/wp-content\/uploads\/2024\/04\/cuadrado-270x270.png 270w, https:\/\/automazione.mx\/wp-content\/uploads\/2024\/04\/cuadrado-480x480.png 480w\" sizes=\"auto, (max-width: 1000px) 100vw, 1000px\" \/><\/figure>\n<\/div>\n\n    <\/div>\n\n\n<p><\/p>\n\n\n\n<p class=\"has-text-align-center has-text-color has-link-color wp-elements-5c9b986dd2f0be7704f5f015ec2df6dd\" style=\"color:#ffffff\"><strong><strong>DISE\u00d1O<\/strong><\/strong><\/p>\n\n\n\n<p class=\"has-text-align-center has-text-color has-link-color has-small-font-size wp-elements-382b551dcace02b6a9357227da113310\" style=\"color:#ffffff;padding-right:var(--wp--preset--spacing--60);padding-left:var(--wp--preset--spacing--60)\">Nos especializamos en soluciones de ingenier\u00eda para sus proyectos de manufactura o automatizaci\u00f3n industrial. Creamos desde cero los planos, buscamos los materiales y proyectamos la vista \u00f3ptima del \u00e1rea donde se construir\u00e1 o instalar\u00e1 el proyecto industrial.<\/p>\n<\/div> <\/div>\n\n\n\n<div class=\"wp-block-agctexdomain-columna-agcblocks Columna ag-animation css-animacionNone alineacion-vertical-top\" data-ag-animation=\"animacionNone\" style=\"text-align:left\"><div class=\"ColumnaContent paddingTopBottom0 paddingTopBottomTablet0 paddingTopBottomMobile0 paddingLeftRight20 paddingLeftRightTablet20 paddingLeftRightMobile20\"><div class=\"animate-sal-block\" data-sal=\"slide-right\" data-sal-duration=\"800\" data-sal-delay=\"100\">\n        \n<div class=\"wp-block-image\">\n<figure class=\"aligncenter size-full is-resized\"><img loading=\"lazy\" decoding=\"async\" width=\"800\" height=\"600\" src=\"https:\/\/automazione.mx\/wp-content\/uploads\/2024\/04\/instalation.jpg\" alt=\"\" class=\"wp-image-480\" style=\"width:264px\" srcset=\"https:\/\/automazione.mx\/wp-content\/uploads\/2024\/04\/instalation.jpg 800w, https:\/\/automazione.mx\/wp-content\/uploads\/2024\/04\/instalation-270x203.jpg 270w, https:\/\/automazione.mx\/wp-content\/uploads\/2024\/04\/instalation-480x360.jpg 480w\" sizes=\"auto, (max-width: 800px) 100vw, 800px\" \/><\/figure>\n<\/div>\n\n    <\/div>\n\n\n<p><\/p>\n\n\n\n<p class=\"has-text-align-center has-text-color has-link-color wp-elements-20190db77a85b1763f92b8b075133141\" style=\"color:#ffffff\"><strong><strong>FABRICACI\u00d3N E INSTALACI\u00d3N.<\/strong><\/strong><\/p>\n\n\n\n<p class=\"has-text-align-center has-text-color has-link-color has-small-font-size wp-elements-48220772669c5e2ced51b8c53800bf3f\" style=\"color:#ffffff;padding-right:var(--wp--preset--spacing--60);padding-left:var(--wp--preset--spacing--60)\">El siguiente paso, incluso si ya tiene su dise\u00f1o o desea que dise\u00f1emos su proyecto, tambi\u00e9n podemos fabricar todos los elementos que requiera, por ejemplo, para una nueva l\u00ednea de producci\u00f3n o un nuevo proyecto de manufactura. Instalamos todos los dispositivos y le entregamos la soluci\u00f3n funcional completa para que comience a producir. Tambi\u00e9n ofrecemos el mantenimiento y la actualizaci\u00f3n de esos equipos.<\/p>\n<\/div> <\/div>\n\n\n\n<div class=\"wp-block-agctexdomain-columna-agcblocks Columna ag-animation css-animacionNone alineacion-vertical-top\" data-ag-animation=\"animacionNone\" style=\"text-align:left\"><div class=\"ColumnaContent paddingTopBottom0 paddingTopBottomTablet0 paddingTopBottomMobile0 paddingLeftRight20 paddingLeftRightTablet20 paddingLeftRightMobile20\"><div class=\"animate-sal-block\" data-sal=\"slide-right\" data-sal-duration=\"800\" data-sal-delay=\"100\">\n        \n<div class=\"wp-block-image\">\n<figure class=\"aligncenter size-full is-resized\"><img loading=\"lazy\" decoding=\"async\" width=\"800\" height=\"600\" src=\"https:\/\/automazione.mx\/wp-content\/uploads\/2024\/04\/automation.jpg\" alt=\"\" class=\"wp-image-482\" style=\"width:264px\" srcset=\"https:\/\/automazione.mx\/wp-content\/uploads\/2024\/04\/automation.jpg 800w, https:\/\/automazione.mx\/wp-content\/uploads\/2024\/04\/automation-270x203.jpg 270w, https:\/\/automazione.mx\/wp-content\/uploads\/2024\/04\/automation-480x360.jpg 480w\" sizes=\"auto, (max-width: 800px) 100vw, 800px\" \/><\/figure>\n<\/div>\n\n    <\/div>\n\n\n<p><\/p>\n\n\n\n<p class=\"has-text-align-center has-text-color has-link-color wp-elements-de44d6f270aebd659d800e014ce19bbe\" style=\"color:#ffffff\"><strong><strong>AUTOMATIZACI\u00d3N.<\/strong><\/strong><\/p>\n\n\n\n<p class=\"has-text-align-center has-text-color has-link-color has-small-font-size wp-elements-b51e9092e776cc00c69bbd22f191327d\" style=\"color:#ffffff\">Ofrecemos para su empresa dispositivos mec\u00e1nicos, hidr\u00e1ulicos, neum\u00e1ticos, el\u00e9ctricos, electr\u00f3nicos y computadoras, generalmente en combinaci\u00f3n, para sus procesos. Siempre lo visitamos para encontrar la soluci\u00f3n perfecta para su proyecto de automatizaci\u00f3n. 25 a\u00f1os nos respaldan a nosotros y a nuestro trabajo.<\/p>\n<\/div> <\/div>\n<\/div> <div class=\"bg-forma bg-forma-display-none\"><\/div><\/section>\n\n\n\n<div style=\"height:142px\" aria-hidden=\"true\" class=\"wp-block-spacer\"><\/div>\n\n\n\n<div style=\"height:134px\" aria-hidden=\"true\" class=\"wp-block-spacer\"><\/div>\n<\/div><\/div> <div class=\"bg-forma\"><\/div><\/section>\n<\/div><\/div> <div class=\"bg-forma\"><\/div><\/section>\n","protected":false},"excerpt":{"rendered":"","protected":false},"author":2,"featured_media":0,"parent":0,"menu_order":0,"comment_status":"closed","ping_status":"closed","template":"","meta":{"_acf_changed":false,"footnotes":""},"class_list":["post-390","page","type-page","status-publish","hentry"],"acf":[],"yoast_head":"<!-- This site is optimized with the Yoast SEO plugin v27.3 - https:\/\/yoast.com\/product\/yoast-seo-wordpress\/ -->\n<title>Automatizaci\u00f3n rob\u00f3tica de procesos, Automatizaci\u00f3n de tareas, Proveedor de automatizaci\u00f3n de procesos<\/title>\n<meta name=\"description\" content=\"Automatizaci\u00f3n rob\u00f3tica de procesos, Automatizaci\u00f3n de tareas, Automatizaci\u00f3n de entregas y procesos log\u00edsticos, Proveedor de automatizaci\u00f3n de procesos\" \/>\n<meta name=\"robots\" content=\"index, follow, max-snippet:-1, max-image-preview:large, max-video-preview:-1\" \/>\n<link rel=\"canonical\" href=\"https:\/\/automazione.mx\/es\/nuestrassoluciones\/\" \/>\n<meta property=\"og:locale\" content=\"es_ES\" \/>\n<meta property=\"og:type\" content=\"article\" \/>\n<meta property=\"og:title\" content=\"Automatizaci\u00f3n rob\u00f3tica de procesos, Automatizaci\u00f3n de tareas, Proveedor de automatizaci\u00f3n de procesos\" \/>\n<meta property=\"og:description\" content=\"Automatizaci\u00f3n rob\u00f3tica de procesos, Automatizaci\u00f3n de tareas, Automatizaci\u00f3n de entregas y procesos log\u00edsticos, Proveedor de automatizaci\u00f3n de procesos\" \/>\n<meta property=\"og:url\" content=\"https:\/\/automazione.mx\/es\/nuestrassoluciones\/\" \/>\n<meta property=\"og:site_name\" content=\"Automazione\" \/>\n<meta property=\"article:modified_time\" content=\"2024-04-11T15:16:55+00:00\" \/>\n<meta property=\"og:image\" content=\"https:\/\/automazione.mx\/wp-content\/uploads\/2024\/04\/cuadrado.png\" \/>\n<meta name=\"twitter:card\" content=\"summary_large_image\" \/>\n<meta name=\"twitter:label1\" content=\"Tiempo de lectura\" \/>\n\t<meta name=\"twitter:data1\" content=\"2 minutos\" \/>\n<script type=\"application\/ld+json\" class=\"yoast-schema-graph\">{\"@context\":\"https:\\\/\\\/schema.org\",\"@graph\":[{\"@type\":\"WebPage\",\"@id\":\"https:\\\/\\\/automazione.mx\\\/es\\\/nuestrassoluciones\\\/\",\"url\":\"https:\\\/\\\/automazione.mx\\\/es\\\/nuestrassoluciones\\\/\",\"name\":\"Automatizaci\u00f3n rob\u00f3tica de procesos, Automatizaci\u00f3n de tareas, Proveedor de automatizaci\u00f3n de procesos\",\"isPartOf\":{\"@id\":\"https:\\\/\\\/automazione.mx\\\/#website\"},\"primaryImageOfPage\":{\"@id\":\"https:\\\/\\\/automazione.mx\\\/es\\\/nuestrassoluciones\\\/#primaryimage\"},\"image\":{\"@id\":\"https:\\\/\\\/automazione.mx\\\/es\\\/nuestrassoluciones\\\/#primaryimage\"},\"thumbnailUrl\":\"https:\\\/\\\/automazione.mx\\\/wp-content\\\/uploads\\\/2024\\\/04\\\/cuadrado.png\",\"datePublished\":\"2024-03-05T22:42:46+00:00\",\"dateModified\":\"2024-04-11T15:16:55+00:00\",\"description\":\"Automatizaci\u00f3n rob\u00f3tica de procesos, Automatizaci\u00f3n de tareas, Automatizaci\u00f3n de entregas y procesos log\u00edsticos, Proveedor de automatizaci\u00f3n de procesos\",\"breadcrumb\":{\"@id\":\"https:\\\/\\\/automazione.mx\\\/es\\\/nuestrassoluciones\\\/#breadcrumb\"},\"inLanguage\":\"es\",\"potentialAction\":[{\"@type\":\"ReadAction\",\"target\":[\"https:\\\/\\\/automazione.mx\\\/es\\\/nuestrassoluciones\\\/\"]}]},{\"@type\":\"ImageObject\",\"inLanguage\":\"es\",\"@id\":\"https:\\\/\\\/automazione.mx\\\/es\\\/nuestrassoluciones\\\/#primaryimage\",\"url\":\"https:\\\/\\\/automazione.mx\\\/wp-content\\\/uploads\\\/2024\\\/04\\\/cuadrado.png\",\"contentUrl\":\"https:\\\/\\\/automazione.mx\\\/wp-content\\\/uploads\\\/2024\\\/04\\\/cuadrado.png\"},{\"@type\":\"BreadcrumbList\",\"@id\":\"https:\\\/\\\/automazione.mx\\\/es\\\/nuestrassoluciones\\\/#breadcrumb\",\"itemListElement\":[{\"@type\":\"ListItem\",\"position\":1,\"name\":\"Home\",\"item\":\"https:\\\/\\\/automazione.mx\\\/es\\\/\"},{\"@type\":\"ListItem\",\"position\":2,\"name\":\"Nuestras soluciones\"}]},{\"@type\":\"WebSite\",\"@id\":\"https:\\\/\\\/automazione.mx\\\/#website\",\"url\":\"https:\\\/\\\/automazione.mx\\\/\",\"name\":\"Automazione\",\"description\":\"Turnkey solutions in equipment automation.\",\"potentialAction\":[{\"@type\":\"SearchAction\",\"target\":{\"@type\":\"EntryPoint\",\"urlTemplate\":\"https:\\\/\\\/automazione.mx\\\/?s={search_term_string}\"},\"query-input\":{\"@type\":\"PropertyValueSpecification\",\"valueRequired\":true,\"valueName\":\"search_term_string\"}}],\"inLanguage\":\"es\"}]}<\/script>\n<!-- \/ Yoast SEO plugin. -->","yoast_head_json":{"title":"Automatizaci\u00f3n rob\u00f3tica de procesos, Automatizaci\u00f3n de tareas, Proveedor de automatizaci\u00f3n de procesos","description":"Automatizaci\u00f3n rob\u00f3tica de procesos, Automatizaci\u00f3n de tareas, Automatizaci\u00f3n de entregas y procesos log\u00edsticos, Proveedor de automatizaci\u00f3n de procesos","robots":{"index":"index","follow":"follow","max-snippet":"max-snippet:-1","max-image-preview":"max-image-preview:large","max-video-preview":"max-video-preview:-1"},"canonical":"https:\/\/automazione.mx\/es\/nuestrassoluciones\/","og_locale":"es_ES","og_type":"article","og_title":"Automatizaci\u00f3n rob\u00f3tica de procesos, Automatizaci\u00f3n de tareas, Proveedor de automatizaci\u00f3n de procesos","og_description":"Automatizaci\u00f3n rob\u00f3tica de procesos, Automatizaci\u00f3n de tareas, Automatizaci\u00f3n de entregas y procesos log\u00edsticos, Proveedor de automatizaci\u00f3n de procesos","og_url":"https:\/\/automazione.mx\/es\/nuestrassoluciones\/","og_site_name":"Automazione","article_modified_time":"2024-04-11T15:16:55+00:00","og_image":[{"url":"https:\/\/automazione.mx\/wp-content\/uploads\/2024\/04\/cuadrado.png","type":"","width":"","height":""}],"twitter_card":"summary_large_image","twitter_misc":{"Tiempo de lectura":"2 minutos"},"schema":{"@context":"https:\/\/schema.org","@graph":[{"@type":"WebPage","@id":"https:\/\/automazione.mx\/es\/nuestrassoluciones\/","url":"https:\/\/automazione.mx\/es\/nuestrassoluciones\/","name":"Automatizaci\u00f3n rob\u00f3tica de procesos, Automatizaci\u00f3n de tareas, Proveedor de automatizaci\u00f3n de procesos","isPartOf":{"@id":"https:\/\/automazione.mx\/#website"},"primaryImageOfPage":{"@id":"https:\/\/automazione.mx\/es\/nuestrassoluciones\/#primaryimage"},"image":{"@id":"https:\/\/automazione.mx\/es\/nuestrassoluciones\/#primaryimage"},"thumbnailUrl":"https:\/\/automazione.mx\/wp-content\/uploads\/2024\/04\/cuadrado.png","datePublished":"2024-03-05T22:42:46+00:00","dateModified":"2024-04-11T15:16:55+00:00","description":"Automatizaci\u00f3n rob\u00f3tica de procesos, Automatizaci\u00f3n de tareas, Automatizaci\u00f3n de entregas y procesos log\u00edsticos, Proveedor de automatizaci\u00f3n de procesos","breadcrumb":{"@id":"https:\/\/automazione.mx\/es\/nuestrassoluciones\/#breadcrumb"},"inLanguage":"es","potentialAction":[{"@type":"ReadAction","target":["https:\/\/automazione.mx\/es\/nuestrassoluciones\/"]}]},{"@type":"ImageObject","inLanguage":"es","@id":"https:\/\/automazione.mx\/es\/nuestrassoluciones\/#primaryimage","url":"https:\/\/automazione.mx\/wp-content\/uploads\/2024\/04\/cuadrado.png","contentUrl":"https:\/\/automazione.mx\/wp-content\/uploads\/2024\/04\/cuadrado.png"},{"@type":"BreadcrumbList","@id":"https:\/\/automazione.mx\/es\/nuestrassoluciones\/#breadcrumb","itemListElement":[{"@type":"ListItem","position":1,"name":"Home","item":"https:\/\/automazione.mx\/es\/"},{"@type":"ListItem","position":2,"name":"Nuestras soluciones"}]},{"@type":"WebSite","@id":"https:\/\/automazione.mx\/#website","url":"https:\/\/automazione.mx\/","name":"Automazione","description":"Turnkey solutions in equipment automation.","potentialAction":[{"@type":"SearchAction","target":{"@type":"EntryPoint","urlTemplate":"https:\/\/automazione.mx\/?s={search_term_string}"},"query-input":{"@type":"PropertyValueSpecification","valueRequired":true,"valueName":"search_term_string"}}],"inLanguage":"es"}]}},"_links":{"self":[{"href":"https:\/\/automazione.mx\/es\/wp-json\/wp\/v2\/pages\/390","targetHints":{"allow":["GET"]}}],"collection":[{"href":"https:\/\/automazione.mx\/es\/wp-json\/wp\/v2\/pages"}],"about":[{"href":"https:\/\/automazione.mx\/es\/wp-json\/wp\/v2\/types\/page"}],"author":[{"embeddable":true,"href":"https:\/\/automazione.mx\/es\/wp-json\/wp\/v2\/users\/2"}],"replies":[{"embeddable":true,"href":"https:\/\/automazione.mx\/es\/wp-json\/wp\/v2\/comments?post=390"}],"version-history":[{"count":5,"href":"https:\/\/automazione.mx\/es\/wp-json\/wp\/v2\/pages\/390\/revisions"}],"predecessor-version":[{"id":493,"href":"https:\/\/automazione.mx\/es\/wp-json\/wp\/v2\/pages\/390\/revisions\/493"}],"wp:attachment":[{"href":"https:\/\/automazione.mx\/es\/wp-json\/wp\/v2\/media?parent=390"}],"curies":[{"name":"wp","href":"https:\/\/api.w.org\/{rel}","templated":true}]}}