{"id":389,"date":"2024-03-05T22:43:19","date_gmt":"2024-03-05T22:43:19","guid":{"rendered":"https:\/\/automazione.mx\/about-us\/"},"modified":"2024-04-25T23:00:05","modified_gmt":"2024-04-25T23:00:05","slug":"nosotros","status":"publish","type":"page","link":"https:\/\/automazione.mx\/es\/nosotros\/","title":{"rendered":"Nosotros"},"content":{"rendered":"\n<section style=\"background-color:#2a2e88\" class=\"wp-block-agctexdomain-wrapper-agcblocks alignwide paddingTopBottom0 paddingTopBottomTablet0 paddingTopBottomMobile0 paddingLeftRight0 paddingLeftRightTablet0 paddingLeftRightMobile0 backgroundNoRepeat backgroundCover alturaDefault\"><div class=\"container\"><div class=\"wrapper-inner-blocks\">\n<section class=\"wp-block-agctexdomain-wrapper-agcblocks alignwide paddingTopBottom0 paddingTopBottomTablet0 paddingTopBottomMobile0 paddingLeftRight0 paddingLeftRightTablet0 paddingLeftRightMobile0 backgroundNoRepeat backgroundCover alturaDefault\"><div class=\"container\"><div class=\"wrapper-inner-blocks\">\n<p><\/p>\n<\/div><\/div> <div class=\"bg-forma\"><\/div><\/section>\n\n\n\n<section style=\"background-color:#2a2e88\" class=\"wp-block-agctexdomain-wrapper-agcblocks  paddingTopBottom0 paddingTopBottomTablet0 paddingTopBottomMobile0 paddingLeftRight0 paddingLeftRightTablet0 paddingLeftRightMobile0 backgroundNoRepeat backgroundCover alturaDefault\"><div class=\"container\"><div class=\"wrapper-inner-blocks\">\n<div style=\"height:63px\" aria-hidden=\"true\" class=\"wp-block-spacer\"><\/div>\n\n\n<div class=\"animate-sal-block\" data-sal=\"fade\" data-sal-duration=\"800\" data-sal-delay=\"100\">\n        \n\n<h2 class=\"wp-block-heading has-text-align-center has-text-color has-link-color wp-elements-bc821ee5abe8aee2d7829fd296e19b03\" style=\"color:#ffffff\">Acerca de Nosotros<\/h2>\n\n\n    <\/div>\n\n\n<div style=\"height:77px\" aria-hidden=\"true\" class=\"wp-block-spacer\"><\/div>\n\n\n\n<section class=\"wp-block-agctexdomain-columnas-agcblocks alignwide columnas col-2 col-2-a paddingTopBottom0 paddingTopBottomTablet0 paddingTopBottomMobile0 alturaDefault\"><div class=\"container\">\n<div class=\"wp-block-agctexdomain-columna-agcblocks Columna ag-animation css-animacionNone alineacion-vertical-top\" data-ag-animation=\"animacionNone\" style=\"text-align:left\"><div class=\"ColumnaContent paddingTopBottom0 paddingTopBottomTablet0 paddingTopBottomMobile0 paddingLeftRight20 paddingLeftRightTablet20 paddingLeftRightMobile20\"><div class=\"animate-sal-block\" data-sal=\"slide-right\" data-sal-duration=\"800\" data-sal-delay=\"100\">\n        \n\n<p class=\"has-text-align-center has-text-color has-link-color wp-elements-113cd458b9942b5f760b2d8ea31093f7\" style=\"color:#ffffff;font-size:28px\"><strong>VISI<strong>\u00d3<\/strong>N<\/strong><\/p>\n\n\n\n<p class=\"has-text-align-center has-text-color has-link-color wp-elements-29499f4c1e7d428c9cbc51df587a7102\" style=\"color:#ffffff;padding-right:var(--wp--preset--spacing--40);padding-left:var(--wp--preset--spacing--40);font-size:13px\">Mantenernos en el mercado como una empresa reconocida por su capacidad de liderazgo y confiabilidad, ofreciendo equipos y servicios de calidad, a trav\u00e9s de una organizaci\u00f3n eficiente y s\u00f3lida, centrada en conocer y satisfacer plenamente las necesidades de nuestros clientes, perfeccionando constantemente nuestros dise\u00f1os y sistemas constructivos.<\/p>\n\n\n    <\/div><\/div> <\/div>\n\n\n\n<div class=\"wp-block-agctexdomain-columna-agcblocks Columna ag-animation css-animacionNone alineacion-vertical-top\" data-ag-animation=\"animacionNone\" style=\"text-align:left\"><div class=\"ColumnaContent paddingTopBottom0 paddingTopBottomTablet0 paddingTopBottomMobile0 paddingLeftRight20 paddingLeftRightTablet20 paddingLeftRightMobile20\"><div class=\"animate-sal-block\" data-sal=\"slide-right\" data-sal-duration=\"800\" data-sal-delay=\"100\">\n        \n\n<p class=\"has-text-align-center has-text-color has-link-color wp-elements-8ce6b485fb432c0639988d16ebbbdb76\" style=\"color:#ffffff;font-size:28px\"><strong>MISI<strong>\u00d3<\/strong>N<\/strong><\/p>\n\n\n\n<p class=\"has-text-align-center has-text-color has-link-color wp-elements-ffefc5ca803af564c6c5383d8ac1d8c0\" style=\"color:#ffffff;padding-right:var(--wp--preset--spacing--40);padding-left:var(--wp--preset--spacing--40);font-size:13px\">En Automazione logramos el reconocimiento de nuestra marca y la marca \"M\u00e9xico\", actuando con creatividad, compromiso y conciencia del impacto de nuestro trabajo en los dem\u00e1s, de tal manera que nos permite asegurar la entrega de soluciones pr\u00e1cticas, efectivas y perdurables, con un significado funcional y humano.<\/p>\n\n\n    <\/div><\/div> <\/div>\n<\/div> <div class=\"bg-forma bg-forma-display-none\"><\/div><\/section>\n\n\n\n<div style=\"height:157px\" aria-hidden=\"true\" class=\"wp-block-spacer\"><\/div>\n\n\n\n<p class=\"has-text-align-center has-text-color has-link-color has-medium-font-size wp-elements-7763a39bed5cd90356d43a06768f6e02\" style=\"color:#ffffff\">Descubra c\u00f3mo podemos<\/p>\n\n\n\n<p class=\"has-text-align-center has-text-color has-link-color has-medium-font-size wp-elements-052f6a8ab62da8c7bd2f869d07979d41\" style=\"color:#ffffff\">ayudar a su empresa a <\/p>\n\n\n\n<p class=\"has-text-align-center has-text-color has-link-color has-medium-font-size wp-elements-bd3b44e76cb92bb58c496007da0ad7e3\" style=\"color:#ffffff\">transformar su proceso de <\/p>\n\n\n\n<p class=\"has-text-align-center has-text-color has-link-color has-medium-font-size wp-elements-fa199b905b70a4e5f68892ee3a0aaefa\" style=\"color:#ffffff\">producci\u00f3n hoy mismo.<\/p>\n\n\n\n<div style=\"height:100px\" aria-hidden=\"true\" class=\"wp-block-spacer\"><\/div>\n<\/div><\/div> <div class=\"bg-forma\"><\/div><\/section>\n\n\n\n<section class=\"wp-block-agctexdomain-wrapper-agcblocks alignfull paddingTopBottom0 paddingTopBottomTablet0 paddingTopBottomMobile0 paddingLeftRight0 paddingLeftRightTablet0 paddingLeftRightMobile0 backgroundNoRepeat backgroundCover alturaDefault\"><div class=\"container\"><div class=\"wrapper-inner-blocks\">\n<section class=\"wp-block-agctexdomain-columnas-agcblocks alignwide columnas col-5 col-5-a paddingTopBottom0 paddingTopBottomTablet0 paddingTopBottomMobile0 alturaDefault\"><div class=\"container\">\n<div class=\"wp-block-agctexdomain-columna-agcblocks Columna ag-animation css-animacionNone alineacion-vertical-top\" data-ag-animation=\"animacionNone\" style=\"text-align:left\"><div class=\"ColumnaContent paddingTopBottom0 paddingTopBottomTablet0 paddingTopBottomMobile0 paddingLeftRight20 paddingLeftRightTablet20 paddingLeftRightMobile20\"><div class=\"animate-sal-block\" data-sal=\"slide-left\" data-sal-duration=\"800\" data-sal-delay=\"100\">\n        \n\n<figure class=\"wp-block-embed is-type-video is-provider-youtube wp-block-embed-youtube wp-embed-aspect-16-9 wp-has-aspect-ratio\"><div class=\"wp-block-embed__wrapper\">\n<iframe loading=\"lazy\" title=\"AUTOMAZIONE Turnkey Solutions\" width=\"500\" height=\"281\" src=\"https:\/\/www.youtube.com\/embed\/Do__TPtylDU?feature=oembed\" frameborder=\"0\" allow=\"accelerometer; autoplay; clipboard-write; encrypted-media; gyroscope; picture-in-picture; web-share\" referrerpolicy=\"strict-origin-when-cross-origin\" allowfullscreen><\/iframe>\n<\/div><\/figure>\n\n\n    <\/div>\n\n\n<h2 class=\"wp-block-heading has-text-align-center has-text-color has-link-color has-medium-font-size wp-elements-fb479368b0a7e2a6f0254fd97a801292\" style=\"color:#ffffff\">Soluciones llave en mano<\/h2>\n<\/div> <\/div>\n\n\n\n<div class=\"wp-block-agctexdomain-columna-agcblocks Columna ag-animation css-animacionNone alineacion-vertical-top\" data-ag-animation=\"animacionNone\" style=\"text-align:left\"><div class=\"ColumnaContent paddingTopBottom0 paddingTopBottomTablet0 paddingTopBottomMobile0 paddingLeftRight20 paddingLeftRightTablet20 paddingLeftRightMobile20\"><div class=\"animate-sal-block\" data-sal=\"slide-left\" data-sal-duration=\"800\" data-sal-delay=\"100\">\n        \n\n<figure class=\"wp-block-embed is-type-video is-provider-youtube wp-block-embed-youtube wp-embed-aspect-16-9 wp-has-aspect-ratio\"><div class=\"wp-block-embed__wrapper\">\n<iframe loading=\"lazy\" title=\"AUTOMAZIONE Blade Runner Machine\" width=\"500\" height=\"281\" src=\"https:\/\/www.youtube.com\/embed\/uMfna6NucDM?feature=oembed\" frameborder=\"0\" allow=\"accelerometer; autoplay; clipboard-write; encrypted-media; gyroscope; picture-in-picture; web-share\" referrerpolicy=\"strict-origin-when-cross-origin\" allowfullscreen><\/iframe>\n<\/div><\/figure>\n\n\n    <\/div>\n\n\n<h2 class=\"wp-block-heading has-text-align-center has-text-color has-link-color has-medium-font-size wp-elements-84233e2df71ed1609e59fb37efef2aea\" style=\"color:#ffffff\">M\u00e1quina corredora de cuchillas<\/h2>\n<\/div> <\/div>\n\n\n\n<div class=\"wp-block-agctexdomain-columna-agcblocks Columna ag-animation css-animacionNone alineacion-vertical-top\" data-ag-animation=\"animacionNone\" style=\"text-align:left\"><div class=\"ColumnaContent paddingTopBottom0 paddingTopBottomTablet0 paddingTopBottomMobile0 paddingLeftRight20 paddingLeftRightTablet20 paddingLeftRightMobile20\"><div class=\"animate-sal-block\" data-sal=\"slide-right\" data-sal-duration=\"800\" data-sal-delay=\"100\">\n        \n\n<figure class=\"wp-block-embed is-type-video is-provider-youtube wp-block-embed-youtube wp-embed-aspect-16-9 wp-has-aspect-ratio\"><div class=\"wp-block-embed__wrapper\">\n<iframe loading=\"lazy\" title=\"AUTOMAZIONE Full Projects\" width=\"500\" height=\"281\" src=\"https:\/\/www.youtube.com\/embed\/C_GG1z9XHao?feature=oembed\" frameborder=\"0\" allow=\"accelerometer; autoplay; clipboard-write; encrypted-media; gyroscope; picture-in-picture; web-share\" referrerpolicy=\"strict-origin-when-cross-origin\" allowfullscreen><\/iframe>\n<\/div><\/figure>\n\n\n    <\/div>\n\n\n<h2 class=\"wp-block-heading has-text-align-center has-text-color has-link-color has-medium-font-size wp-elements-648cd754f8db52feabde4bd9e205ede3\" style=\"color:#ffffff\">Proyectos integrales<\/h2>\n<\/div> <\/div>\n\n\n\n<div class=\"wp-block-agctexdomain-columna-agcblocks Columna ag-animation css-animacionNone alineacion-vertical-top\" data-ag-animation=\"animacionNone\" style=\"text-align:left\"><div class=\"ColumnaContent paddingTopBottom0 paddingTopBottomTablet0 paddingTopBottomMobile0 paddingLeftRight20 paddingLeftRightTablet20 paddingLeftRightMobile20\"><div class=\"animate-sal-block\" data-sal=\"slide-right\" data-sal-duration=\"800\" data-sal-delay=\"100\">\n        \n\n<figure class=\"wp-block-embed is-type-video is-provider-youtube wp-block-embed-youtube wp-embed-aspect-16-9 wp-has-aspect-ratio\"><div class=\"wp-block-embed__wrapper\">\n<iframe loading=\"lazy\" title=\"AUTOMAZIONE Fixtures\" width=\"500\" height=\"281\" src=\"https:\/\/www.youtube.com\/embed\/U2pCSIoG_U0?feature=oembed\" frameborder=\"0\" allow=\"accelerometer; autoplay; clipboard-write; encrypted-media; gyroscope; picture-in-picture; web-share\" referrerpolicy=\"strict-origin-when-cross-origin\" allowfullscreen><\/iframe>\n<\/div><\/figure>\n\n\n    <\/div>\n\n\n<h2 class=\"wp-block-heading has-text-align-center has-text-color has-link-color has-medium-font-size wp-elements-1b215ee2bea65bb8570f1dbf13e8cbb0\" style=\"color:#ffffff\">Fixtures<\/h2>\n<\/div> <\/div>\n\n\n\n<div class=\"wp-block-agctexdomain-columna-agcblocks Columna ag-animation css-animacionNone alineacion-vertical-top\" data-ag-animation=\"animacionNone\" style=\"text-align:left\"><div class=\"ColumnaContent paddingTopBottom0 paddingTopBottomTablet0 paddingTopBottomMobile0 paddingLeftRight20 paddingLeftRightTablet20 paddingLeftRightMobile20\"><div class=\"animate-sal-block\" data-sal=\"slide-right\" data-sal-duration=\"800\" data-sal-delay=\"100\">\n        \n\n<figure class=\"wp-block-embed is-type-video is-provider-youtube wp-block-embed-youtube wp-embed-aspect-16-9 wp-has-aspect-ratio\"><div class=\"wp-block-embed__wrapper\">\n<iframe loading=\"lazy\" title=\"AUTOMAZIONE Conveyors\" width=\"500\" height=\"281\" src=\"https:\/\/www.youtube.com\/embed\/3nurs-VzqFU?feature=oembed\" frameborder=\"0\" allow=\"accelerometer; autoplay; clipboard-write; encrypted-media; gyroscope; picture-in-picture; web-share\" referrerpolicy=\"strict-origin-when-cross-origin\" allowfullscreen><\/iframe>\n<\/div><\/figure>\n\n\n    <\/div>\n\n\n<h2 class=\"wp-block-heading has-text-align-center has-text-color has-link-color has-medium-font-size wp-elements-c6a877f1e6db4e01d33d542f6cef2359\" style=\"color:#ffffff\">Transportadoras<\/h2>\n<\/div> <\/div>\n<\/div> <div class=\"bg-forma bg-forma-display-none\"><\/div><\/section>\n\n\n\n<section class=\"wp-block-agctexdomain-wrapper-agcblocks alignfull paddingTopBottom0 paddingTopBottomTablet0 paddingTopBottomMobile0 paddingLeftRight0 paddingLeftRightTablet0 paddingLeftRightMobile0 backgroundNoRepeat backgroundCover alturaDefault\"><div class=\"container\"><div class=\"wrapper-inner-blocks\">\n<section class=\"wp-block-agctexdomain-columnas-agcblocks alignwide columnas col-3 col-3-a paddingTopBottom0 paddingTopBottomTablet0 paddingTopBottomMobile0 alturaDefault\"><div class=\"container\">\n<div class=\"wp-block-agctexdomain-columna-agcblocks Columna ag-animation css-animacionNone alineacion-vertical-top\" data-ag-animation=\"animacionNone\" style=\"text-align:left\"><div class=\"ColumnaContent paddingTopBottom0 paddingTopBottomTablet0 paddingTopBottomMobile0 paddingLeftRight20 paddingLeftRightTablet20 paddingLeftRightMobile20\"><\/div> <\/div>\n\n\n\n<div class=\"wp-block-agctexdomain-columna-agcblocks Columna ag-animation css-animacionNone alineacion-vertical-top\" data-ag-animation=\"animacionNone\" style=\"text-align:left\"><div class=\"ColumnaContent paddingTopBottom0 paddingTopBottomTablet0 paddingTopBottomMobile0 paddingLeftRight20 paddingLeftRightTablet20 paddingLeftRightMobile20\"><div class=\"animate-sal-block\" data-sal=\"slide-left\" data-sal-duration=\"800\" data-sal-delay=\"100\">\n        \n\n<figure class=\"wp-block-embed is-type-video is-provider-youtube wp-block-embed-youtube wp-embed-aspect-16-9 wp-has-aspect-ratio\"><div class=\"wp-block-embed__wrapper\">\n<iframe loading=\"lazy\" title=\"Resume Automazione\" width=\"500\" height=\"281\" src=\"https:\/\/www.youtube.com\/embed\/Ppv1Kj6j9Ig?feature=oembed\" frameborder=\"0\" allow=\"accelerometer; autoplay; clipboard-write; encrypted-media; gyroscope; picture-in-picture; web-share\" referrerpolicy=\"strict-origin-when-cross-origin\" allowfullscreen><\/iframe>\n<\/div><\/figure>\n\n\n    <\/div>\n\n\n<h2 class=\"wp-block-heading has-text-align-center has-text-color has-link-color has-medium-font-size wp-elements-4047ed92082f8935ba088f4b285c2377\" style=\"color:#ffffff\">Resume Automazione<\/h2>\n<\/div> <\/div>\n\n\n\n<div class=\"wp-block-agctexdomain-columna-agcblocks Columna ag-animation css-animacionNone alineacion-vertical-top\" data-ag-animation=\"animacionNone\" style=\"text-align:left\"><div class=\"ColumnaContent paddingTopBottom0 paddingTopBottomTablet0 paddingTopBottomMobile0 paddingLeftRight20 paddingLeftRightTablet20 paddingLeftRightMobile20\"><\/div> <\/div>\n<\/div> <div class=\"bg-forma bg-forma-display-none\"><\/div><\/section>\n\n\n\n<div style=\"height:100px\" aria-hidden=\"true\" class=\"wp-block-spacer\"><\/div>\n<\/div><\/div> <div class=\"bg-forma\"><\/div><\/section>\n<\/div><\/div> <div class=\"bg-forma\"><\/div><\/section>\n<\/div><\/div> <div class=\"bg-forma\"><\/div><\/section>\n","protected":false},"excerpt":{"rendered":"","protected":false},"author":2,"featured_media":0,"parent":0,"menu_order":0,"comment_status":"closed","ping_status":"closed","template":"","meta":{"_acf_changed":false,"footnotes":""},"class_list":["post-389","page","type-page","status-publish","hentry"],"acf":[],"yoast_head":"<!-- This site is optimized with the Yoast SEO plugin v27.3 - https:\/\/yoast.com\/product\/yoast-seo-wordpress\/ -->\n<title>Dise\u00f1o e ingenier\u00eda de proyectos industriales, Ingenier\u00eda de procesos,Dise\u00f1o de conveyors<\/title>\n<meta name=\"description\" content=\"Dise\u00f1o e ingenier\u00eda de proyectos industriales, Ingenier\u00eda de procesos, Dise\u00f1o de maquinaria industrial, Dise\u00f1o de conveyors\" \/>\n<meta name=\"robots\" content=\"index, follow, max-snippet:-1, max-image-preview:large, max-video-preview:-1\" \/>\n<link rel=\"canonical\" href=\"https:\/\/automazione.mx\/es\/nosotros\/\" \/>\n<meta property=\"og:locale\" content=\"es_ES\" \/>\n<meta property=\"og:type\" content=\"article\" \/>\n<meta property=\"og:title\" content=\"Dise\u00f1o e ingenier\u00eda de proyectos industriales, Ingenier\u00eda de procesos,Dise\u00f1o de conveyors\" \/>\n<meta property=\"og:description\" content=\"Dise\u00f1o e ingenier\u00eda de proyectos industriales, Ingenier\u00eda de procesos, Dise\u00f1o de maquinaria industrial, Dise\u00f1o de conveyors\" \/>\n<meta property=\"og:url\" content=\"https:\/\/automazione.mx\/es\/nosotros\/\" \/>\n<meta property=\"og:site_name\" content=\"Automazione\" \/>\n<meta property=\"article:modified_time\" content=\"2024-04-25T23:00:05+00:00\" \/>\n<meta name=\"twitter:card\" content=\"summary_large_image\" \/>\n<meta name=\"twitter:label1\" content=\"Tiempo de lectura\" \/>\n\t<meta name=\"twitter:data1\" content=\"1 minuto\" \/>\n<script type=\"application\/ld+json\" class=\"yoast-schema-graph\">{\"@context\":\"https:\\\/\\\/schema.org\",\"@graph\":[{\"@type\":\"WebPage\",\"@id\":\"https:\\\/\\\/automazione.mx\\\/es\\\/nosotros\\\/\",\"url\":\"https:\\\/\\\/automazione.mx\\\/es\\\/nosotros\\\/\",\"name\":\"Dise\u00f1o e ingenier\u00eda de proyectos industriales, Ingenier\u00eda de procesos,Dise\u00f1o de conveyors\",\"isPartOf\":{\"@id\":\"https:\\\/\\\/automazione.mx\\\/#website\"},\"datePublished\":\"2024-03-05T22:43:19+00:00\",\"dateModified\":\"2024-04-25T23:00:05+00:00\",\"description\":\"Dise\u00f1o e ingenier\u00eda de proyectos industriales, Ingenier\u00eda de procesos, Dise\u00f1o de maquinaria industrial, Dise\u00f1o de conveyors\",\"breadcrumb\":{\"@id\":\"https:\\\/\\\/automazione.mx\\\/es\\\/nosotros\\\/#breadcrumb\"},\"inLanguage\":\"es\",\"potentialAction\":[{\"@type\":\"ReadAction\",\"target\":[\"https:\\\/\\\/automazione.mx\\\/es\\\/nosotros\\\/\"]}]},{\"@type\":\"BreadcrumbList\",\"@id\":\"https:\\\/\\\/automazione.mx\\\/es\\\/nosotros\\\/#breadcrumb\",\"itemListElement\":[{\"@type\":\"ListItem\",\"position\":1,\"name\":\"Home\",\"item\":\"https:\\\/\\\/automazione.mx\\\/es\\\/\"},{\"@type\":\"ListItem\",\"position\":2,\"name\":\"Nosotros\"}]},{\"@type\":\"WebSite\",\"@id\":\"https:\\\/\\\/automazione.mx\\\/#website\",\"url\":\"https:\\\/\\\/automazione.mx\\\/\",\"name\":\"Automazione\",\"description\":\"Turnkey solutions in equipment automation.\",\"potentialAction\":[{\"@type\":\"SearchAction\",\"target\":{\"@type\":\"EntryPoint\",\"urlTemplate\":\"https:\\\/\\\/automazione.mx\\\/?s={search_term_string}\"},\"query-input\":{\"@type\":\"PropertyValueSpecification\",\"valueRequired\":true,\"valueName\":\"search_term_string\"}}],\"inLanguage\":\"es\"}]}<\/script>\n<!-- \/ Yoast SEO plugin. -->","yoast_head_json":{"title":"Dise\u00f1o e ingenier\u00eda de proyectos industriales, Ingenier\u00eda de procesos,Dise\u00f1o de conveyors","description":"Dise\u00f1o e ingenier\u00eda de proyectos industriales, Ingenier\u00eda de procesos, Dise\u00f1o de maquinaria industrial, Dise\u00f1o de conveyors","robots":{"index":"index","follow":"follow","max-snippet":"max-snippet:-1","max-image-preview":"max-image-preview:large","max-video-preview":"max-video-preview:-1"},"canonical":"https:\/\/automazione.mx\/es\/nosotros\/","og_locale":"es_ES","og_type":"article","og_title":"Dise\u00f1o e ingenier\u00eda de proyectos industriales, Ingenier\u00eda de procesos,Dise\u00f1o de conveyors","og_description":"Dise\u00f1o e ingenier\u00eda de proyectos industriales, Ingenier\u00eda de procesos, Dise\u00f1o de maquinaria industrial, Dise\u00f1o de conveyors","og_url":"https:\/\/automazione.mx\/es\/nosotros\/","og_site_name":"Automazione","article_modified_time":"2024-04-25T23:00:05+00:00","twitter_card":"summary_large_image","twitter_misc":{"Tiempo de lectura":"1 minuto"},"schema":{"@context":"https:\/\/schema.org","@graph":[{"@type":"WebPage","@id":"https:\/\/automazione.mx\/es\/nosotros\/","url":"https:\/\/automazione.mx\/es\/nosotros\/","name":"Dise\u00f1o e ingenier\u00eda de proyectos industriales, Ingenier\u00eda de procesos,Dise\u00f1o de conveyors","isPartOf":{"@id":"https:\/\/automazione.mx\/#website"},"datePublished":"2024-03-05T22:43:19+00:00","dateModified":"2024-04-25T23:00:05+00:00","description":"Dise\u00f1o e ingenier\u00eda de proyectos industriales, Ingenier\u00eda de procesos, Dise\u00f1o de maquinaria industrial, Dise\u00f1o de conveyors","breadcrumb":{"@id":"https:\/\/automazione.mx\/es\/nosotros\/#breadcrumb"},"inLanguage":"es","potentialAction":[{"@type":"ReadAction","target":["https:\/\/automazione.mx\/es\/nosotros\/"]}]},{"@type":"BreadcrumbList","@id":"https:\/\/automazione.mx\/es\/nosotros\/#breadcrumb","itemListElement":[{"@type":"ListItem","position":1,"name":"Home","item":"https:\/\/automazione.mx\/es\/"},{"@type":"ListItem","position":2,"name":"Nosotros"}]},{"@type":"WebSite","@id":"https:\/\/automazione.mx\/#website","url":"https:\/\/automazione.mx\/","name":"Automazione","description":"Turnkey solutions in equipment automation.","potentialAction":[{"@type":"SearchAction","target":{"@type":"EntryPoint","urlTemplate":"https:\/\/automazione.mx\/?s={search_term_string}"},"query-input":{"@type":"PropertyValueSpecification","valueRequired":true,"valueName":"search_term_string"}}],"inLanguage":"es"}]}},"_links":{"self":[{"href":"https:\/\/automazione.mx\/es\/wp-json\/wp\/v2\/pages\/389","targetHints":{"allow":["GET"]}}],"collection":[{"href":"https:\/\/automazione.mx\/es\/wp-json\/wp\/v2\/pages"}],"about":[{"href":"https:\/\/automazione.mx\/es\/wp-json\/wp\/v2\/types\/page"}],"author":[{"embeddable":true,"href":"https:\/\/automazione.mx\/es\/wp-json\/wp\/v2\/users\/2"}],"replies":[{"embeddable":true,"href":"https:\/\/automazione.mx\/es\/wp-json\/wp\/v2\/comments?post=389"}],"version-history":[{"count":8,"href":"https:\/\/automazione.mx\/es\/wp-json\/wp\/v2\/pages\/389\/revisions"}],"predecessor-version":[{"id":572,"href":"https:\/\/automazione.mx\/es\/wp-json\/wp\/v2\/pages\/389\/revisions\/572"}],"wp:attachment":[{"href":"https:\/\/automazione.mx\/es\/wp-json\/wp\/v2\/media?parent=389"}],"curies":[{"name":"wp","href":"https:\/\/api.w.org\/{rel}","templated":true}]}}