{"id":388,"date":"2024-03-05T22:43:33","date_gmt":"2024-03-05T22:43:33","guid":{"rendered":"https:\/\/automazione.mx\/contact-us\/"},"modified":"2024-04-04T16:27:24","modified_gmt":"2024-04-04T16:27:24","slug":"contacto","status":"publish","type":"page","link":"https:\/\/automazione.mx\/es\/contacto\/","title":{"rendered":"Contacto"},"content":{"rendered":"\n<section style=\"background-color:#2a2e88\" class=\"wp-block-agctexdomain-wrapper-agcblocks alignwide paddingTopBottom0 paddingTopBottomTablet0 paddingTopBottomMobile0 paddingLeftRight0 paddingLeftRightTablet0 paddingLeftRightMobile0 backgroundNoRepeat backgroundCover alturaDefault\"><div class=\"container\"><div class=\"wrapper-inner-blocks\">\n<div style=\"height:63px\" aria-hidden=\"true\" class=\"wp-block-spacer\"><\/div>\n\n\n<div class=\"animate-sal-block\" data-sal=\"fade\" data-sal-duration=\"800\" data-sal-delay=\"100\">\n        \n\n<h2 class=\"wp-block-heading has-text-align-center has-text-color has-link-color wp-elements-30c83c5b83fbd1f322ad12e2caad2965\" style=\"color:#ffffff\">Contacto<\/h2>\n\n\n    <\/div>\n\n\n<div style=\"height:77px\" aria-hidden=\"true\" class=\"wp-block-spacer\"><\/div>\n\n\n\n<section class=\"wp-block-agctexdomain-columnas-agcblocks columnas col-2 col-2-a paddingTopBottom0 paddingTopBottomTablet0 paddingTopBottomMobile0 alturaDefault\"><div class=\"container\">\n<div class=\"wp-block-agctexdomain-columna-agcblocks Columna ag-animation css-animacionNone alineacion-vertical-top\" data-ag-animation=\"animacionNone\" style=\"text-align:left\"><div class=\"ColumnaContent paddingTopBottom0 paddingTopBottomTablet0 paddingTopBottomMobile0 paddingLeftRight20 paddingLeftRightTablet20 paddingLeftRightMobile20\">\n<div class=\"wp-block-contact-form-7-contact-form-selector css-form-servicios\">\n<div class=\"wpcf7 no-js\" id=\"wpcf7-f411-o1\" lang=\"en-US\" dir=\"ltr\" data-wpcf7-id=\"411\">\n<div class=\"screen-reader-response\"><p role=\"status\" aria-live=\"polite\" aria-atomic=\"true\"><\/p> <ul><\/ul><\/div>\n<form action=\"\/es\/wp-json\/wp\/v2\/pages\/388#wpcf7-f411-o1\" method=\"post\" class=\"wpcf7-form init\" id=\"contacto-form\" aria-label=\"Contact form\" novalidate=\"novalidate\" data-status=\"init\">\n<fieldset class=\"hidden-fields-container\"><input type=\"hidden\" name=\"_wpcf7\" value=\"411\" \/><input type=\"hidden\" name=\"_wpcf7_version\" value=\"6.1.5\" \/><input type=\"hidden\" name=\"_wpcf7_locale\" value=\"en_US\" \/><input type=\"hidden\" name=\"_wpcf7_unit_tag\" value=\"wpcf7-f411-o1\" \/><input type=\"hidden\" name=\"_wpcf7_container_post\" value=\"0\" \/><input type=\"hidden\" name=\"_wpcf7_posted_data_hash\" value=\"\" \/>\n<\/fieldset>\n<label> Tu nombre\n    <span class=\"wpcf7-form-control-wrap\" data-name=\"your-name\"><input size=\"40\" maxlength=\"400\" class=\"wpcf7-form-control wpcf7-text wpcf7-validates-as-required\" autocomplete=\"name\" aria-required=\"true\" aria-invalid=\"false\" value=\"\" type=\"text\" name=\"your-name\" \/><\/span> <\/label>\n\n<label> tu email\n    <span class=\"wpcf7-form-control-wrap\" data-name=\"your-email\"><input size=\"40\" maxlength=\"400\" class=\"wpcf7-form-control wpcf7-email wpcf7-validates-as-required wpcf7-text wpcf7-validates-as-email\" autocomplete=\"email\" aria-required=\"true\" aria-invalid=\"false\" value=\"\" type=\"email\" name=\"your-email\" \/><\/span> <\/label>\n\n<label> Tu mensaje (opcional)\n    <span class=\"wpcf7-form-control-wrap\" data-name=\"your-message\"><textarea cols=\"40\" rows=\"10\" maxlength=\"2000\" class=\"wpcf7-form-control wpcf7-textarea\" aria-invalid=\"false\" name=\"your-message\"><\/textarea><\/span> <\/label>\n\n<input class=\"wpcf7-form-control wpcf7-submit has-spinner\" type=\"submit\" value=\"Submit\" \/><div class=\"wpcf7-response-output\" aria-hidden=\"true\"><\/div>\n<\/form>\n<\/div>\n<\/div>\n<\/div> <\/div>\n\n\n\n<div class=\"wp-block-agctexdomain-columna-agcblocks Columna ag-animation css-animacionNone alineacion-vertical-top\" data-ag-animation=\"animacionNone\" style=\"text-align:left\"><div class=\"ColumnaContent paddingTopBottom0 paddingTopBottomTablet0 paddingTopBottomMobile0 paddingLeftRight20 paddingLeftRightTablet20 paddingLeftRightMobile20\"><div class=\"wp-block-image is-style-default\">\n<figure class=\"aligncenter size-large is-resized\"><img loading=\"lazy\" decoding=\"async\" width=\"1024\" height=\"1024\" src=\"https:\/\/automazione.mx\/wp-content\/uploads\/2024\/03\/W-1024x1024.png\" alt=\"\" class=\"wp-image-287\" style=\"width:426px;height:auto\" srcset=\"https:\/\/automazione.mx\/wp-content\/uploads\/2024\/03\/W-1024x1024.png 1024w, https:\/\/automazione.mx\/wp-content\/uploads\/2024\/03\/W-300x300.png 300w, https:\/\/automazione.mx\/wp-content\/uploads\/2024\/03\/W-100x100.png 100w, https:\/\/automazione.mx\/wp-content\/uploads\/2024\/03\/W-600x600.png 600w, https:\/\/automazione.mx\/wp-content\/uploads\/2024\/03\/W-270x270.png 270w, https:\/\/automazione.mx\/wp-content\/uploads\/2024\/03\/W-1536x1536.png 1536w, https:\/\/automazione.mx\/wp-content\/uploads\/2024\/03\/W-2048x2048.png 2048w, https:\/\/automazione.mx\/wp-content\/uploads\/2024\/03\/W-480x480.png 480w, https:\/\/automazione.mx\/wp-content\/uploads\/2024\/03\/W-1320x1320.png 1320w\" sizes=\"auto, (max-width: 1024px) 100vw, 1024px\" \/><\/figure>\n<\/div><\/div> <\/div>\n<\/div> <div class=\"bg-forma bg-forma-display-none\"><\/div><\/section>\n\n\n\n<div style=\"height:100px\" aria-hidden=\"true\" class=\"wp-block-spacer\"><\/div>\n<\/div><\/div> <div class=\"bg-forma\"><\/div><\/section>\n","protected":false},"excerpt":{"rendered":"","protected":false},"author":2,"featured_media":0,"parent":0,"menu_order":0,"comment_status":"closed","ping_status":"closed","template":"","meta":{"_acf_changed":false,"footnotes":""},"class_list":["post-388","page","type-page","status-publish","hentry"],"acf":[],"yoast_head":"<!-- This site is optimized with the Yoast SEO plugin v27.3 - https:\/\/yoast.com\/product\/yoast-seo-wordpress\/ -->\n<title>Automatizaci\u00f3n de procesos, Proveedor de automatizaci\u00f3n de procesos, Automatizaci\u00f3n de almacenes<\/title>\n<meta name=\"description\" content=\"Automatizaci\u00f3n de procesos, Proveedor de automatizaci\u00f3n de procesos, Automatizaci\u00f3n de almacenes, Delivery automatizado,\" \/>\n<meta name=\"robots\" content=\"index, follow, max-snippet:-1, max-image-preview:large, max-video-preview:-1\" \/>\n<link rel=\"canonical\" href=\"https:\/\/automazione.mx\/es\/contacto\/\" \/>\n<meta property=\"og:locale\" content=\"es_ES\" \/>\n<meta property=\"og:type\" content=\"article\" \/>\n<meta property=\"og:title\" content=\"Automatizaci\u00f3n de procesos, Proveedor de automatizaci\u00f3n de procesos, Automatizaci\u00f3n de almacenes\" \/>\n<meta property=\"og:description\" content=\"Automatizaci\u00f3n de procesos, Proveedor de automatizaci\u00f3n de procesos, Automatizaci\u00f3n de almacenes, Delivery automatizado,\" \/>\n<meta property=\"og:url\" content=\"https:\/\/automazione.mx\/es\/contacto\/\" \/>\n<meta property=\"og:site_name\" content=\"Automazione\" \/>\n<meta property=\"article:modified_time\" content=\"2024-04-04T16:27:24+00:00\" \/>\n<meta property=\"og:image\" content=\"https:\/\/automazione.mx\/wp-content\/uploads\/2024\/03\/W-1024x1024.png\" \/>\n<meta name=\"twitter:card\" content=\"summary_large_image\" \/>\n<meta name=\"twitter:label1\" content=\"Tiempo de lectura\" \/>\n\t<meta name=\"twitter:data1\" content=\"1 minuto\" \/>\n<script type=\"application\/ld+json\" class=\"yoast-schema-graph\">{\"@context\":\"https:\\\/\\\/schema.org\",\"@graph\":[{\"@type\":\"WebPage\",\"@id\":\"https:\\\/\\\/automazione.mx\\\/es\\\/contacto\\\/\",\"url\":\"https:\\\/\\\/automazione.mx\\\/es\\\/contacto\\\/\",\"name\":\"Automatizaci\u00f3n de procesos, Proveedor de automatizaci\u00f3n de procesos, Automatizaci\u00f3n de almacenes\",\"isPartOf\":{\"@id\":\"https:\\\/\\\/automazione.mx\\\/#website\"},\"primaryImageOfPage\":{\"@id\":\"https:\\\/\\\/automazione.mx\\\/es\\\/contacto\\\/#primaryimage\"},\"image\":{\"@id\":\"https:\\\/\\\/automazione.mx\\\/es\\\/contacto\\\/#primaryimage\"},\"thumbnailUrl\":\"https:\\\/\\\/automazione.mx\\\/wp-content\\\/uploads\\\/2024\\\/03\\\/W-1024x1024.png\",\"datePublished\":\"2024-03-05T22:43:33+00:00\",\"dateModified\":\"2024-04-04T16:27:24+00:00\",\"description\":\"Automatizaci\u00f3n de procesos, Proveedor de automatizaci\u00f3n de procesos, Automatizaci\u00f3n de almacenes, Delivery automatizado,\",\"breadcrumb\":{\"@id\":\"https:\\\/\\\/automazione.mx\\\/es\\\/contacto\\\/#breadcrumb\"},\"inLanguage\":\"es\",\"potentialAction\":[{\"@type\":\"ReadAction\",\"target\":[\"https:\\\/\\\/automazione.mx\\\/es\\\/contacto\\\/\"]}]},{\"@type\":\"ImageObject\",\"inLanguage\":\"es\",\"@id\":\"https:\\\/\\\/automazione.mx\\\/es\\\/contacto\\\/#primaryimage\",\"url\":\"https:\\\/\\\/automazione.mx\\\/wp-content\\\/uploads\\\/2024\\\/03\\\/W-1024x1024.png\",\"contentUrl\":\"https:\\\/\\\/automazione.mx\\\/wp-content\\\/uploads\\\/2024\\\/03\\\/W-1024x1024.png\"},{\"@type\":\"BreadcrumbList\",\"@id\":\"https:\\\/\\\/automazione.mx\\\/es\\\/contacto\\\/#breadcrumb\",\"itemListElement\":[{\"@type\":\"ListItem\",\"position\":1,\"name\":\"Home\",\"item\":\"https:\\\/\\\/automazione.mx\\\/es\\\/\"},{\"@type\":\"ListItem\",\"position\":2,\"name\":\"Contacto\"}]},{\"@type\":\"WebSite\",\"@id\":\"https:\\\/\\\/automazione.mx\\\/#website\",\"url\":\"https:\\\/\\\/automazione.mx\\\/\",\"name\":\"Automazione\",\"description\":\"Turnkey solutions in equipment automation.\",\"potentialAction\":[{\"@type\":\"SearchAction\",\"target\":{\"@type\":\"EntryPoint\",\"urlTemplate\":\"https:\\\/\\\/automazione.mx\\\/?s={search_term_string}\"},\"query-input\":{\"@type\":\"PropertyValueSpecification\",\"valueRequired\":true,\"valueName\":\"search_term_string\"}}],\"inLanguage\":\"es\"}]}<\/script>\n<!-- \/ Yoast SEO plugin. -->","yoast_head_json":{"title":"Automatizaci\u00f3n de procesos, Proveedor de automatizaci\u00f3n de procesos, Automatizaci\u00f3n de almacenes","description":"Automatizaci\u00f3n de procesos, Proveedor de automatizaci\u00f3n de procesos, Automatizaci\u00f3n de almacenes, Delivery automatizado,","robots":{"index":"index","follow":"follow","max-snippet":"max-snippet:-1","max-image-preview":"max-image-preview:large","max-video-preview":"max-video-preview:-1"},"canonical":"https:\/\/automazione.mx\/es\/contacto\/","og_locale":"es_ES","og_type":"article","og_title":"Automatizaci\u00f3n de procesos, Proveedor de automatizaci\u00f3n de procesos, Automatizaci\u00f3n de almacenes","og_description":"Automatizaci\u00f3n de procesos, Proveedor de automatizaci\u00f3n de procesos, Automatizaci\u00f3n de almacenes, Delivery automatizado,","og_url":"https:\/\/automazione.mx\/es\/contacto\/","og_site_name":"Automazione","article_modified_time":"2024-04-04T16:27:24+00:00","og_image":[{"url":"https:\/\/automazione.mx\/wp-content\/uploads\/2024\/03\/W-1024x1024.png","type":"","width":"","height":""}],"twitter_card":"summary_large_image","twitter_misc":{"Tiempo de lectura":"1 minuto"},"schema":{"@context":"https:\/\/schema.org","@graph":[{"@type":"WebPage","@id":"https:\/\/automazione.mx\/es\/contacto\/","url":"https:\/\/automazione.mx\/es\/contacto\/","name":"Automatizaci\u00f3n de procesos, Proveedor de automatizaci\u00f3n de procesos, Automatizaci\u00f3n de almacenes","isPartOf":{"@id":"https:\/\/automazione.mx\/#website"},"primaryImageOfPage":{"@id":"https:\/\/automazione.mx\/es\/contacto\/#primaryimage"},"image":{"@id":"https:\/\/automazione.mx\/es\/contacto\/#primaryimage"},"thumbnailUrl":"https:\/\/automazione.mx\/wp-content\/uploads\/2024\/03\/W-1024x1024.png","datePublished":"2024-03-05T22:43:33+00:00","dateModified":"2024-04-04T16:27:24+00:00","description":"Automatizaci\u00f3n de procesos, Proveedor de automatizaci\u00f3n de procesos, Automatizaci\u00f3n de almacenes, Delivery automatizado,","breadcrumb":{"@id":"https:\/\/automazione.mx\/es\/contacto\/#breadcrumb"},"inLanguage":"es","potentialAction":[{"@type":"ReadAction","target":["https:\/\/automazione.mx\/es\/contacto\/"]}]},{"@type":"ImageObject","inLanguage":"es","@id":"https:\/\/automazione.mx\/es\/contacto\/#primaryimage","url":"https:\/\/automazione.mx\/wp-content\/uploads\/2024\/03\/W-1024x1024.png","contentUrl":"https:\/\/automazione.mx\/wp-content\/uploads\/2024\/03\/W-1024x1024.png"},{"@type":"BreadcrumbList","@id":"https:\/\/automazione.mx\/es\/contacto\/#breadcrumb","itemListElement":[{"@type":"ListItem","position":1,"name":"Home","item":"https:\/\/automazione.mx\/es\/"},{"@type":"ListItem","position":2,"name":"Contacto"}]},{"@type":"WebSite","@id":"https:\/\/automazione.mx\/#website","url":"https:\/\/automazione.mx\/","name":"Automazione","description":"Turnkey solutions in equipment automation.","potentialAction":[{"@type":"SearchAction","target":{"@type":"EntryPoint","urlTemplate":"https:\/\/automazione.mx\/?s={search_term_string}"},"query-input":{"@type":"PropertyValueSpecification","valueRequired":true,"valueName":"search_term_string"}}],"inLanguage":"es"}]}},"_links":{"self":[{"href":"https:\/\/automazione.mx\/es\/wp-json\/wp\/v2\/pages\/388","targetHints":{"allow":["GET"]}}],"collection":[{"href":"https:\/\/automazione.mx\/es\/wp-json\/wp\/v2\/pages"}],"about":[{"href":"https:\/\/automazione.mx\/es\/wp-json\/wp\/v2\/types\/page"}],"author":[{"embeddable":true,"href":"https:\/\/automazione.mx\/es\/wp-json\/wp\/v2\/users\/2"}],"replies":[{"embeddable":true,"href":"https:\/\/automazione.mx\/es\/wp-json\/wp\/v2\/comments?post=388"}],"version-history":[{"count":3,"href":"https:\/\/automazione.mx\/es\/wp-json\/wp\/v2\/pages\/388\/revisions"}],"predecessor-version":[{"id":439,"href":"https:\/\/automazione.mx\/es\/wp-json\/wp\/v2\/pages\/388\/revisions\/439"}],"wp:attachment":[{"href":"https:\/\/automazione.mx\/es\/wp-json\/wp\/v2\/media?parent=388"}],"curies":[{"name":"wp","href":"https:\/\/api.w.org\/{rel}","templated":true}]}}